{"id":98,"date":"2024-09-17T17:14:51","date_gmt":"2024-09-17T15:14:51","guid":{"rendered":"https:\/\/www.lepoischiche.org\/?page_id=98"},"modified":"2026-03-17T12:50:22","modified_gmt":"2026-03-17T11:50:22","slug":"bienvenue-sur-le-site-du-pois-chiche","status":"publish","type":"page","link":"https:\/\/www.lepoischiche.org\/","title":{"rendered":"Bienvenue sur le site du Pois Chiche"},"content":{"rendered":"\n<p>Le Pois Chiche est un collectif d\u2019\u00e9ducation populaire politique, bas\u00e9 \u00e0 Nice dans les Alpes-Maritimes. Le Pois Chiche r\u00e9fl\u00e9chit, anime, exp\u00e9rimente, s\u2019amuse, rebondit, r\u00e9siste, vagabonde, joue\u2026 Nous intervenons de notre propre initiative, ou \u00e0 l\u2019invitation d\u2019organisations, associations, etc. int\u00e9ress\u00e9es \u00e0 modifier leurs mani\u00e8res de faire pour aller vers davantage d\u2019implication, de participation, d\u2019\u00e9galit\u00e9.<\/p>\n","protected":false},"excerpt":{"rendered":"<p>Le Pois Chiche est un collectif d\u2019\u00e9ducation populaire politique, bas\u00e9 \u00e0 Nice dans les Alpes-Maritimes. Le Pois Chiche r\u00e9fl\u00e9chit, anime, exp\u00e9rimente, s\u2019amuse, rebondit, r\u00e9siste, vagabonde, joue\u2026 Nous intervenons de notre [&hellip;]<\/p>\n","protected":false},"author":1,"featured_media":0,"parent":0,"menu_order":0,"comment_status":"closed","ping_status":"closed","template":"","meta":{"_price":"","_stock":"","_tribe_ticket_header":"","_tribe_default_ticket_provider":"","_tribe_ticket_capacity":"0","_ticket_start_date":"","_ticket_end_date":"","_tribe_ticket_show_description":"","_tribe_ticket_show_not_going":false,"_tribe_ticket_use_global_stock":"","_tribe_ticket_global_stock_level":"","_global_stock_mode":"","_global_stock_cap":"","_tribe_rsvp_for_event":"","_tribe_ticket_going_count":"","_tribe_ticket_not_going_count":"","_tribe_tickets_list":"[]","_tribe_ticket_has_attendee_info_fields":false,"_EventAllDay":false,"_EventTimezone":"","_EventStartDate":"","_EventEndDate":"","_EventStartDateUTC":"","_EventEndDateUTC":"","_EventShowMap":false,"_EventShowMapLink":false,"_EventURL":"","_EventCost":"","_EventCostDescription":"","_EventCurrencySymbol":"","_EventCurrencyCode":"","_EventCurrencyPosition":"","_EventDateTimeSeparator":"","_EventTimeRangeSeparator":"","_EventOrganizerID":[],"_EventVenueID":[],"_OrganizerEmail":"","_OrganizerPhone":"","_OrganizerWebsite":"","_VenueAddress":"","_VenueCity":"","_VenueCountry":"","_VenueProvince":"","_VenueState":"","_VenueZip":"","_VenuePhone":"","_VenueURL":"","_VenueStateProvince":"","_VenueLat":"","_VenueLng":"","_VenueShowMap":false,"_VenueShowMapLink":false,"footnotes":"","_tec_slr_enabled":"","_tec_slr_layout":""},"class_list":["post-98","page","type-page","status-publish","hentry"],"ticketed":false,"_links":{"self":[{"href":"https:\/\/www.lepoischiche.org\/index.php?rest_route=\/wp\/v2\/pages\/98","targetHints":{"allow":["GET"]}}],"collection":[{"href":"https:\/\/www.lepoischiche.org\/index.php?rest_route=\/wp\/v2\/pages"}],"about":[{"href":"https:\/\/www.lepoischiche.org\/index.php?rest_route=\/wp\/v2\/types\/page"}],"author":[{"embeddable":true,"href":"https:\/\/www.lepoischiche.org\/index.php?rest_route=\/wp\/v2\/users\/1"}],"replies":[{"embeddable":true,"href":"https:\/\/www.lepoischiche.org\/index.php?rest_route=%2Fwp%2Fv2%2Fcomments&post=98"}],"version-history":[{"count":3,"href":"https:\/\/www.lepoischiche.org\/index.php?rest_route=\/wp\/v2\/pages\/98\/revisions"}],"predecessor-version":[{"id":196,"href":"https:\/\/www.lepoischiche.org\/index.php?rest_route=\/wp\/v2\/pages\/98\/revisions\/196"}],"wp:attachment":[{"href":"https:\/\/www.lepoischiche.org\/index.php?rest_route=%2Fwp%2Fv2%2Fmedia&parent=98"}],"curies":[{"name":"wp","href":"https:\/\/api.w.org\/{rel}","templated":true}]}}