{"id":40,"date":"2024-09-06T18:43:17","date_gmt":"2024-09-06T16:43:17","guid":{"rendered":"http:\/\/poischiche.mandopolis.org\/?page_id=40"},"modified":"2024-09-08T01:10:49","modified_gmt":"2024-09-07T23:10:49","slug":"qui-sommes-nous","status":"publish","type":"page","link":"https:\/\/www.lepoischiche.org\/?page_id=40","title":{"rendered":"Qui sommes-nous ?"},"content":{"rendered":"\n<p>Le Pois Chiche est un collectif d&rsquo;\u00e9ducation populaire politique, bas\u00e9 \u00e0 Nice, dans les Alpes-Maritimes.<\/p>\n\n\n\n<h3 class=\"wp-block-heading\">Le r\u00e9cit des origines<\/h3>\n\n\n\n<p>\u00c7a commence en 2011. Pour sauver une classe de l\u2019\u00e9cole de nos enfants, on occupe l\u2019\u00e9cole. Toute une semaine, jour et nuit. Avec des tentes dans la cour, et des soir\u00e9es o\u00f9 on partage des repas, avec la g\u00e9n\u00e9rosit\u00e9 des commer\u00e7ants du march\u00e9 qui nous ravitaillent. On se d\u00e9couvre en voisins, on refait le monde, on rigole, on est bien, les enfants jouent dans la cour, on parle de nous dans le journal. Et en plus, \u00e0 la fin on gagne.<\/p>\n\n\n\n<p>Difficile de trouver plus euphorisant qu\u2019une victoire collective au bout d\u2019un combat partag\u00e9&nbsp;!<\/p>\n\n\n\n<figure class=\"wp-block-image size-large is-resized\"><img loading=\"lazy\" decoding=\"async\" width=\"1024\" height=\"683\" src=\"http:\/\/poischiche.mandopolis.org\/wp-content\/uploads\/2024\/09\/560_0765_0001_Calque-4-1024x683.jpg\" alt=\"\" class=\"wp-image-44\" style=\"width:600px;height:auto\" srcset=\"https:\/\/www.lepoischiche.org\/wp-content\/uploads\/2024\/09\/560_0765_0001_Calque-4-1024x683.jpg 1024w, https:\/\/www.lepoischiche.org\/wp-content\/uploads\/2024\/09\/560_0765_0001_Calque-4-300x200.jpg 300w, https:\/\/www.lepoischiche.org\/wp-content\/uploads\/2024\/09\/560_0765_0001_Calque-4-768x512.jpg 768w, https:\/\/www.lepoischiche.org\/wp-content\/uploads\/2024\/09\/560_0765_0001_Calque-4-1536x1024.jpg 1536w, https:\/\/www.lepoischiche.org\/wp-content\/uploads\/2024\/09\/560_0765_0001_Calque-4-2048x1365.jpg 2048w\" sizes=\"auto, (max-width: 1024px) 100vw, 1024px\" \/><figcaption class=\"wp-element-caption\">Nice &#8211; avril 2011, \u00e0 l&rsquo;\u00e9cole<\/figcaption><\/figure>\n\n\n\n<p>L\u2019\u00e9cole est encore ouverte, \u00e0 l\u2019\u00e9poque \u2013 depuis, de vigipirate en covid, les portes se sont ferm\u00e9es \u2013 et on organise d\u2019autres soir\u00e9es festives et engag\u00e9es, on fait des porteurs de parole sur le trottoir, on parle du temps scolaire, de la cantine, et de l\u2019\u00e9tat des toilettes.<\/p>\n\n\n\n<p>Les enfants grandissent, et nous avec&nbsp;: on porte les combats \u00e0 l\u2019\u00e9chelle de la ville, on se bat contre la pr\u00e9sence de policiers municipaux dans les \u00e9coles, contre la reconnaissance faciale \u00e0 l\u2019entr\u00e9e des lyc\u00e9es, contre le plastique dans les cantines, pour des repas v\u00e9g\u00e9tariens, etc. On apprend \u00e0 parler aux m\u00e9dias, aux \u00e9lus, \u00e0 l\u2019institution scolaire, on se fait des ennemis, on rencontre des gens passionnants.<\/p>\n\n\n\n<figure class=\"wp-block-image size-large\"><img loading=\"lazy\" decoding=\"async\" width=\"1024\" height=\"1024\" src=\"http:\/\/poischiche.mandopolis.org\/wp-content\/uploads\/2024\/09\/fuondeschoses_0001_Calque-2-1024x1024.jpg\" alt=\"\" class=\"wp-image-42\" srcset=\"https:\/\/www.lepoischiche.org\/wp-content\/uploads\/2024\/09\/fuondeschoses_0001_Calque-2-1024x1024.jpg 1024w, https:\/\/www.lepoischiche.org\/wp-content\/uploads\/2024\/09\/fuondeschoses_0001_Calque-2-300x300.jpg 300w, https:\/\/www.lepoischiche.org\/wp-content\/uploads\/2024\/09\/fuondeschoses_0001_Calque-2-150x150.jpg 150w, https:\/\/www.lepoischiche.org\/wp-content\/uploads\/2024\/09\/fuondeschoses_0001_Calque-2-768x768.jpg 768w, https:\/\/www.lepoischiche.org\/wp-content\/uploads\/2024\/09\/fuondeschoses_0001_Calque-2.jpg 1248w\" sizes=\"auto, (max-width: 1024px) 100vw, 1024px\" \/><figcaption class=\"wp-element-caption\">l&rsquo;art de la banderole<\/figcaption><\/figure>\n\n\n\n<p>On gravit les \u00e9chelons c\u00f4t\u00e9 association de parents, et on se dit qu&rsquo;il faut faire autrement, qu&rsquo;on peut pas \u00eatre b\u00e9n\u00e9voles pour se taper des r\u00e9unions qui oublient d&rsquo;\u00eatre conviviales, et qui laissent les relous s&rsquo;\u00e9taler.<\/p>\n\n\n\n<p>Alors on regarde du c\u00f4t\u00e9 de l&rsquo;\u00e9ducation populaire politique, on se forme, on bouquine, on exp\u00e9rimente, on se fait allumer parce qu&rsquo;on fait pas comme avant, mais on d\u00e9couvre qu&rsquo;on peut faire des r\u00e9unions autrement, laisser de la place \u00e0 la parole de tous, exiger que personne ne vienne \u00e0 une r\u00e9union sans avoir pu s&rsquo;exprimer au moins une fois etc. <\/p>\n\n\n\n<p>Les enfants ont encore grandi, ils font des \u00e9tudes, on quitte le groupe des parents, il faut faire autre chose, et ne pas l\u00e2cher le fait qu&rsquo;on est d\u00e9j\u00e0 un bout de collectif.<\/p>\n\n\n\n<p>C&rsquo;est de l\u00e0 que le Pois Chiche est n\u00e9, et aussi de l&rsquo;envie de faire vivre ces exp\u00e9riences, l&rsquo;exp\u00e9rimentation collective et politique \u00e0 notre \u00e9chelle, et aussi de r\u00e9sister, ici et maintenant, parce que le climat, parce que la d\u00e9mocratie, parce que l&rsquo;\u00e9galit\u00e9, parce qu&rsquo;on ne peut pas rester sans rien faire. <\/p>\n\n\n\n<p><\/p>\n","protected":false},"excerpt":{"rendered":"<p>Le Pois Chiche est un collectif d&rsquo;\u00e9ducation populaire politique, bas\u00e9 \u00e0 Nice, dans les Alpes-Maritimes. Le r\u00e9cit des origines \u00c7a commence en 2011. Pour sauver une classe de l\u2019\u00e9cole de [&hellip;]<\/p>\n","protected":false},"author":1,"featured_media":0,"parent":0,"menu_order":0,"comment_status":"open","ping_status":"closed","template":"","meta":{"_price":"","_stock":"","_tribe_ticket_header":"","_tribe_default_ticket_provider":"","_tribe_ticket_capacity":"0","_ticket_start_date":"","_ticket_end_date":"","_tribe_ticket_show_description":"","_tribe_ticket_show_not_going":false,"_tribe_ticket_use_global_stock":"","_tribe_ticket_global_stock_level":"","_global_stock_mode":"","_global_stock_cap":"","_tribe_rsvp_for_event":"","_tribe_ticket_going_count":"","_tribe_ticket_not_going_count":"","_tribe_tickets_list":"[]","_tribe_ticket_has_attendee_info_fields":false,"_EventAllDay":false,"_EventTimezone":"","_EventStartDate":"","_EventEndDate":"","_EventStartDateUTC":"","_EventEndDateUTC":"","_EventShowMap":false,"_EventShowMapLink":false,"_EventURL":"","_EventCost":"","_EventCostDescription":"","_EventCurrencySymbol":"","_EventCurrencyCode":"","_EventCurrencyPosition":"","_EventDateTimeSeparator":"","_EventTimeRangeSeparator":"","_EventOrganizerID":[],"_EventVenueID":[],"_OrganizerEmail":"","_OrganizerPhone":"","_OrganizerWebsite":"","_VenueAddress":"","_VenueCity":"","_VenueCountry":"","_VenueProvince":"","_VenueState":"","_VenueZip":"","_VenuePhone":"","_VenueURL":"","_VenueStateProvince":"","_VenueLat":"","_VenueLng":"","_VenueShowMap":false,"_VenueShowMapLink":false,"footnotes":"","_tec_slr_enabled":"","_tec_slr_layout":""},"class_list":["post-40","page","type-page","status-publish","hentry"],"ticketed":false,"_links":{"self":[{"href":"https:\/\/www.lepoischiche.org\/index.php?rest_route=\/wp\/v2\/pages\/40","targetHints":{"allow":["GET"]}}],"collection":[{"href":"https:\/\/www.lepoischiche.org\/index.php?rest_route=\/wp\/v2\/pages"}],"about":[{"href":"https:\/\/www.lepoischiche.org\/index.php?rest_route=\/wp\/v2\/types\/page"}],"author":[{"embeddable":true,"href":"https:\/\/www.lepoischiche.org\/index.php?rest_route=\/wp\/v2\/users\/1"}],"replies":[{"embeddable":true,"href":"https:\/\/www.lepoischiche.org\/index.php?rest_route=%2Fwp%2Fv2%2Fcomments&post=40"}],"version-history":[{"count":9,"href":"https:\/\/www.lepoischiche.org\/index.php?rest_route=\/wp\/v2\/pages\/40\/revisions"}],"predecessor-version":[{"id":65,"href":"https:\/\/www.lepoischiche.org\/index.php?rest_route=\/wp\/v2\/pages\/40\/revisions\/65"}],"wp:attachment":[{"href":"https:\/\/www.lepoischiche.org\/index.php?rest_route=%2Fwp%2Fv2%2Fmedia&parent=40"}],"curies":[{"name":"wp","href":"https:\/\/api.w.org\/{rel}","templated":true}]}}